{"id":148,"date":"2022-11-22T16:08:08","date_gmt":"2022-11-22T15:08:08","guid":{"rendered":"https:\/\/rhonepliage.fr\/?page_id=148"},"modified":"2022-11-23T16:30:55","modified_gmt":"2022-11-23T15:30:55","slug":"nos-services","status":"publish","type":"page","link":"https:\/\/rhonepliage.fr\/?page_id=148","title":{"rendered":"Nos services"},"content":{"rendered":"\n<figure class=\"wp-block-gallery has-nested-images columns-default is-cropped wp-block-gallery-1 is-layout-flex wp-block-gallery-is-layout-flex\">\n<figure class=\"wp-block-image size-thumbnail is-style-rounded\"><img loading=\"lazy\" decoding=\"async\" width=\"150\" height=\"150\" data-id=\"177\" src=\"https:\/\/rhonepliage.fr\/wp-content\/uploads\/2022\/11\/cisaille-150x150.jpeg\" alt=\"\" class=\"wp-image-177\"\/><figcaption class=\"wp-element-caption\"><mark style=\"background-color:rgba(0, 0, 0, 0)\" class=\"has-inline-color has-ast-global-color-8-color\"><strong>CISAILLAGE<\/strong><\/mark><\/figcaption><\/figure>\n\n\n\n<figure class=\"wp-block-image size-large is-style-rounded\"><img loading=\"lazy\" decoding=\"async\" width=\"800\" height=\"600\" data-id=\"176\" src=\"https:\/\/rhonepliage.fr\/wp-content\/uploads\/2022\/11\/plieuse.jpg\" alt=\"\" class=\"wp-image-176\" srcset=\"https:\/\/rhonepliage.fr\/wp-content\/uploads\/2022\/11\/plieuse.jpg 800w, https:\/\/rhonepliage.fr\/wp-content\/uploads\/2022\/11\/plieuse-300x225.jpg 300w, https:\/\/rhonepliage.fr\/wp-content\/uploads\/2022\/11\/plieuse-768x576.jpg 768w\" sizes=\"auto, (max-width: 800px) 100vw, 800px\" \/><figcaption class=\"wp-element-caption\"><strong>PLIAGE<\/strong><\/figcaption><\/figure>\n\n\n\n<figure class=\"wp-block-image size-large is-style-rounded\"><img loading=\"lazy\" decoding=\"async\" width=\"1024\" height=\"768\" data-id=\"178\" src=\"https:\/\/rhonepliage.fr\/wp-content\/uploads\/2022\/11\/poinconneuse.jpeg\" alt=\"\" class=\"wp-image-178\" srcset=\"https:\/\/rhonepliage.fr\/wp-content\/uploads\/2022\/11\/poinconneuse.jpeg 1024w, https:\/\/rhonepliage.fr\/wp-content\/uploads\/2022\/11\/poinconneuse-300x225.jpeg 300w, https:\/\/rhonepliage.fr\/wp-content\/uploads\/2022\/11\/poinconneuse-768x576.jpeg 768w\" sizes=\"auto, (max-width: 1024px) 100vw, 1024px\" \/><figcaption class=\"wp-element-caption\"><strong>POINCONNAGE<\/strong><\/figcaption><\/figure>\n<\/figure>\n\n\n\n<div class=\"wp-block-columns is-layout-flex wp-container-core-columns-is-layout-9d6595d7 wp-block-columns-is-layout-flex\">\n<div class=\"wp-block-column is-vertically-aligned-top is-layout-flow wp-block-column-is-layout-flow\">\n<pre class=\"wp-block-preformatted\">Pour les coupes droites, le cisaillage est la meilleure solution technique et \u00e9conomique.\n   \n   <\/pre>\n<\/div>\n\n\n\n<div class=\"wp-block-column is-layout-flow wp-block-column-is-layout-flow\">\n<div class=\"wp-block-group\"><div class=\"wp-block-group__inner-container is-layout-constrained wp-block-group-is-layout-constrained\">\n<pre class=\"wp-block-preformatted\">L'art de plier la t\u00f4le, c'est avant tout \u00eatre capable de transformer le produit selon votre exigence (forme standard ou cr\u00e9ation sur mesure...)<\/pre>\n<\/div><\/div>\n<\/div>\n\n\n\n<div class=\"wp-block-column is-layout-flow wp-block-column-is-layout-flow\">\n<pre class=\"wp-block-preformatted\">Le poin\u00e7onnage consiste \u00e0 enlever de la mati\u00e8re. La forme poin\u00e7onn\u00e9e peut \u00eatre quelconque et varie en fonction des pi\u00e8ces \u00e0 r\u00e9aliser.\n\n<\/pre>\n<\/div>\n<\/div>\n\n\n\n<p><\/p>\n","protected":false},"excerpt":{"rendered":"<p>Pour les coupes droites, le cisaillage est la meilleure solution technique et \u00e9conomique. L&rsquo;art de plier la t\u00f4le, c&rsquo;est avant tout \u00eatre capable de transformer le produit selon votre exigence (forme standard ou cr\u00e9ation sur mesure&#8230;) Le poin\u00e7onnage consiste \u00e0 enlever de la mati\u00e8re. La forme poin\u00e7onn\u00e9e peut \u00eatre quelconque et varie en fonction des [&hellip;]<\/p>\n","protected":false},"author":2,"featured_media":0,"parent":0,"menu_order":0,"comment_status":"closed","ping_status":"closed","template":"","meta":{"footnotes":""},"class_list":["post-148","page","type-page","status-publish","hentry"],"_links":{"self":[{"href":"https:\/\/rhonepliage.fr\/index.php?rest_route=\/wp\/v2\/pages\/148","targetHints":{"allow":["GET"]}}],"collection":[{"href":"https:\/\/rhonepliage.fr\/index.php?rest_route=\/wp\/v2\/pages"}],"about":[{"href":"https:\/\/rhonepliage.fr\/index.php?rest_route=\/wp\/v2\/types\/page"}],"author":[{"embeddable":true,"href":"https:\/\/rhonepliage.fr\/index.php?rest_route=\/wp\/v2\/users\/2"}],"replies":[{"embeddable":true,"href":"https:\/\/rhonepliage.fr\/index.php?rest_route=%2Fwp%2Fv2%2Fcomments&post=148"}],"version-history":[{"count":9,"href":"https:\/\/rhonepliage.fr\/index.php?rest_route=\/wp\/v2\/pages\/148\/revisions"}],"predecessor-version":[{"id":191,"href":"https:\/\/rhonepliage.fr\/index.php?rest_route=\/wp\/v2\/pages\/148\/revisions\/191"}],"wp:attachment":[{"href":"https:\/\/rhonepliage.fr\/index.php?rest_route=%2Fwp%2Fv2%2Fmedia&parent=148"}],"curies":[{"name":"wp","href":"https:\/\/api.w.org\/{rel}","templated":true}]}}