{"id":2,"date":"2022-10-03T13:45:43","date_gmt":"2022-10-03T12:45:43","guid":{"rendered":"https:\/\/rhonepliage.fr\/?page_id=2"},"modified":"2022-11-22T16:20:49","modified_gmt":"2022-11-22T15:20:49","slug":"sample-page","status":"publish","type":"page","link":"https:\/\/rhonepliage.fr\/","title":{"rendered":"Accueil"},"content":{"rendered":"<div class=\"wp-block-image\">\n<figure class=\"aligncenter size-large is-resized\"><img loading=\"lazy\" decoding=\"async\" src=\"https:\/\/rhonepliage.fr\/wp-content\/uploads\/2022\/10\/logo-RP-1024x612.png\" alt=\"\" class=\"wp-image-13\" width=\"512\" height=\"306\" srcset=\"https:\/\/rhonepliage.fr\/wp-content\/uploads\/2022\/10\/logo-RP-1024x612.png 1024w, https:\/\/rhonepliage.fr\/wp-content\/uploads\/2022\/10\/logo-RP-300x179.png 300w, https:\/\/rhonepliage.fr\/wp-content\/uploads\/2022\/10\/logo-RP-768x459.png 768w, https:\/\/rhonepliage.fr\/wp-content\/uploads\/2022\/10\/logo-RP.png 1215w\" sizes=\"auto, (max-width: 512px) 100vw, 512px\" \/><\/figure>\n<\/div>\n\n\n<p class=\"has-text-align-center\">La soci\u00e9t\u00e9 RHONE PLIAGE, sp\u00e9cialis\u00e9e en pliage et assemblage de t\u00f4lerie est compos\u00e9e d&rsquo;une \u00e9quipe dynamique et exp\u00e9riment\u00e9e. Nous proposons des services et des prestations sur mesure et de qualit\u00e9 \u00e0 nos clients dans des d\u00e9lais d\u00e9fiant toute concurrence.<br>Pliage de tout type de t\u00f4les et d&rsquo;aciers.<br>Pliage sur mesure de profils galvanis\u00e9s et de profils en aluminium pr\u00e9laqu\u00e9.<br>Pliage d&rsquo;accessoires d&rsquo;\u00e9tanch\u00e9it\u00e9 et sur mesure.<br><\/p>\n","protected":false},"excerpt":{"rendered":"<p>La soci\u00e9t\u00e9 RHONE PLIAGE, sp\u00e9cialis\u00e9e en pliage et assemblage de t\u00f4lerie est compos\u00e9e d&rsquo;une \u00e9quipe dynamique et exp\u00e9riment\u00e9e. Nous proposons des services et des prestations sur mesure et de qualit\u00e9 \u00e0 nos clients dans des d\u00e9lais d\u00e9fiant toute concurrence.Pliage de tout type de t\u00f4les et d&rsquo;aciers.Pliage sur mesure de profils galvanis\u00e9s et de profils en [&hellip;]<\/p>\n","protected":false},"author":2,"featured_media":0,"parent":0,"menu_order":0,"comment_status":"closed","ping_status":"closed","template":"","meta":{"footnotes":""},"class_list":["post-2","page","type-page","status-publish","hentry"],"_links":{"self":[{"href":"https:\/\/rhonepliage.fr\/index.php?rest_route=\/wp\/v2\/pages\/2","targetHints":{"allow":["GET"]}}],"collection":[{"href":"https:\/\/rhonepliage.fr\/index.php?rest_route=\/wp\/v2\/pages"}],"about":[{"href":"https:\/\/rhonepliage.fr\/index.php?rest_route=\/wp\/v2\/types\/page"}],"author":[{"embeddable":true,"href":"https:\/\/rhonepliage.fr\/index.php?rest_route=\/wp\/v2\/users\/2"}],"replies":[{"embeddable":true,"href":"https:\/\/rhonepliage.fr\/index.php?rest_route=%2Fwp%2Fv2%2Fcomments&post=2"}],"version-history":[{"count":3,"href":"https:\/\/rhonepliage.fr\/index.php?rest_route=\/wp\/v2\/pages\/2\/revisions"}],"predecessor-version":[{"id":160,"href":"https:\/\/rhonepliage.fr\/index.php?rest_route=\/wp\/v2\/pages\/2\/revisions\/160"}],"wp:attachment":[{"href":"https:\/\/rhonepliage.fr\/index.php?rest_route=%2Fwp%2Fv2%2Fmedia&parent=2"}],"curies":[{"name":"wp","href":"https:\/\/api.w.org\/{rel}","templated":true}]}}